{"id":129,"date":"2021-02-16T12:55:03","date_gmt":"2021-02-16T11:55:03","guid":{"rendered":"https:\/\/www.kodental.sk\/?page_id=129"},"modified":"2024-11-30T16:58:39","modified_gmt":"2024-11-30T15:58:39","slug":"129-2","status":"publish","type":"page","link":"https:\/\/www.kodental.sk\/","title":{"rendered":"Kodental s.r.o."},"content":{"rendered":"\n<div class=\"wp-block-themeisle-blocks-advanced-columns alignfull has-1-columns has-desktop-equal-layout has-tablet-equal-layout has-mobile-equal-layout has-default-gap has-vertical-center\" id=\"wp-block-themeisle-blocks-advanced-columns-7a66dbe0\"><div class=\"wp-block-themeisle-blocks-advanced-columns-overlay\"><\/div><div class=\"innerblocks-wrap\">\n<div class=\"wp-block-themeisle-blocks-advanced-column\" id=\"wp-block-themeisle-blocks-advanced-column-437b844c\">\n<hr class=\"wp-block-separator\"\/>\n\n\n\n<hr class=\"wp-block-separator\"\/>\n\n\n\n<p>Zubn\u00e9 ambulancie v Zdravotnom stredisku Bel\u00e1 s \u00fa\u010dinnos\u0165ou <strong>od 1. apr\u00edla 2021<\/strong> m\u00e1 pridelen\u00fd obvod <strong>obc\u00ed Bel\u00e1, Luti\u0161e, Lysica, Z\u0160 Bel\u00e1, Z\u0160 Luti\u0161e a Z\u0160 Lysica<\/strong>.<\/p>\n\n\n\n<p class=\"has-text-align-left\"><strong>Ambulancia m\u00e1 zmluvy so v\u0161etk\u00fdmi zdravotn\u00fdmi pois\u0165ov\u0148ami. <\/strong><\/p>\n\n\n\n<p><strong>Na\u0161e slu\u017eby m\u00f4\u017eete vyu\u017ei\u0165 v\u00a0dvoch modern\u00fdch ambulanci\u00e1ch, ktor\u00e9 s\u00fa vybaven\u00e9 modern\u00fdmi technol\u00f3giami. Poskytujeme komplexn\u00fa stomatologick\u00fa starostlivos\u0165 s\u00a0d\u00f4razom na kvalitu za priazniv\u00fa cenu.<\/strong><\/p>\n\n\n\n<p><strong>Ako sa m\u00f4\u017eete sta\u0165 na\u0161\u00edm pacientom?<\/strong><\/p>\n\n\n\n<ol class=\"wp-block-list\"><li>Registr\u00e1cia<\/li><\/ol>\n\n\n\n<p>Pokia\u013e patr\u00edte do N\u00e1\u0161ho pridelen\u00e9ho obvodu, je nutn\u00e9 kontaktovat Na\u0161u recep\u010dn\u00fa, s ktorou sa dohodnete na prevzat\u00ed v\u00fdmenn\u00e9ho l\u00edstka a term\u00ednu vstupn\u00e9ho vy\u0161etrenia. Na z\u00e1klade v\u00fdmenn\u00e9ho l\u00edstka bude pacientovi vydan\u00e1 karta od jeho stomatol\u00f3ga a doru\u010den\u00e1 do na\u0161ej ambulancie.<\/p>\n\n\n\n<p>2. Vstupn\u00e9 vy\u0161etrenie<\/p>\n\n\n\n<p>Vzh\u013eadom na to, \u017ee s\u00fa v\u0161etky z\u00e1kroky pl\u00e1novan\u00e9, najsk\u00f4r pr\u00eddete na komplexn\u00e9 vstupn\u00e9 vy\u0161etrenie. V r\u00e1mci vy\u0161etrenia podst\u00fapite vstupn\u00fa prevent\u00edvnu prehliadku, zhotovenie IO RTG, fotodokument\u00e1ciu. <\/p>\n\n\n\n<p>N\u00e1sledne sa zhotov\u00ed terapeutick\u00fd pl\u00e1n, kde zoh\u013eadn\u00edme V\u00e1\u0161 aktu\u00e1lny stav ale aj Va\u0161e po\u017eiadavky, po vstupnom vy\u0161etren\u00ed budete objednan\u00fd jednak na absolvovanie dent\u00e1lnej hygieny ale aj na samotn\u00e9 o\u0161etrenie.<\/p>\n\n\n\n<p>3. Dent\u00e1lna hygiena<\/p>\n\n\n\n<p>Najd\u00f4le\u017eitej\u0161ou s\u00fa\u010das\u0165ou dent\u00e1lneho zdravia je spr\u00e1vna hygiena \u00fastnej dutiny. Preto sa sna\u017e\u00edme aby ka\u017ed\u00fd pacient absolvoval hygienu 2x ro\u010dne. <\/p>\n\n\n\n<p>Dent\u00e1lnu hygienu vykon\u00e1vame pod zv\u00e4\u010d\u0161en\u00edm lupov\u00fdmi okuliarmi, profesion\u00e1lnymi pr\u00edstrojmi. Samotn\u00e9 lupov\u00e9 okuliare n\u00e1m umo\u017e\u0148uj\u00fa aby o\u0161etrenie bolo omnoho kvalitnej\u0161ie a r\u00fdchlej\u0161ie.<\/p>\n\n\n\n<p>S\u00fa\u010das\u0165ou dent\u00e1lenj hygieny u N\u00e1s je samozrejme aj dent\u00e1lny bal\u00ed\u010dek (kefka, medzizubn\u00e9 kefky, flosspick) a samotn\u00e1 in\u0161trukt\u00e1\u017e.<\/p>\n\n\n\n<p>4. Dent\u00e1lne o\u0161etrenie pacienta<\/p>\n\n\n\n<p>V Na\u0161om dent\u00e1lnom centre poskytujeme komplexn\u00e9 stomatologick\u00e9 slu\u017eby. Vykon\u00e1vame z\u00e1chovn\u00fa stomatologick\u00fa starostlivos\u0165, z\u00e1kladn\u00e9 chirurgick\u00e9 v\u00fdkony a samozrejmos\u0165ou je vyhotovovanie fixn\u00fdch, pr\u00edpadne sn\u00edmate\u013en\u00fdch n\u00e1hrad.<\/p>\n\n\n\n<p>5. Pripravujeme<\/p>\n\n\n\n<p>V r\u00e1mci skvalitnenia slu\u017eieb, pre V\u00e1s pripravujeme spolupr\u00e1cu s \u010delustn\u00fdm ortop\u00e9dom. V pr\u00edpade z\u00e1ujmu N\u00e1s kontaktujte na recepcii.<\/p>\n\n\n\n<p>Pros\u00edme v\u0161etk\u00fdch pacientov, aby v\u017edy v pr\u00edpade <strong>ot\u00e1zok<\/strong>, alebo <strong>bolesti<\/strong> najsk\u00f4r zavolali do ambulancie.<\/p>\n\n\n\n<p class=\"has-text-align-left\">Kompletn\u00fd cenn\u00edk si m\u00f4\u017eete pozrie\u0165 ni\u017e\u0161ie na webovej str\u00e1nke, pr\u00edpadne je dostupn\u00fd v \u010dak\u00e1rni.<\/p>\n\n\n\n<p class=\"has-text-align-left\">Pacienti sa m\u00f4\u017eu objedna\u0165 na tel. \u010d\u00edsle: <strong>0948 206 018.<\/strong><\/p>\n\n\n\n<p>Email: recepcia.kodental@gmail.com<\/p>\n\n\n\n<p class=\"has-text-align-right\">Kodental s.r.o.<\/p>\n\n\n\n<hr class=\"wp-block-separator\"\/>\n\n\n\n<figure class=\"wp-block-gallery columns-3 is-cropped wp-block-gallery-1 is-layout-flex wp-block-gallery-is-layout-flex\"><ul class=\"blocks-gallery-grid\"><li class=\"blocks-gallery-item\"><figure><img loading=\"lazy\" decoding=\"async\" width=\"768\" height=\"1024\" src=\"https:\/\/www.kodental.sk\/wp-content\/uploads\/2021\/02\/kreslo-1-768x1024.jpg\" alt=\"\" data-id=\"68\" data-full-url=\"https:\/\/www.kodental.sk\/wp-content\/uploads\/2021\/02\/kreslo-1-scaled.jpg\" data-link=\"https:\/\/www.kodental.sk\/?attachment_id=68\" class=\"wp-image-68\" srcset=\"https:\/\/www.kodental.sk\/wp-content\/uploads\/2021\/02\/kreslo-1-768x1024.jpg 768w, https:\/\/www.kodental.sk\/wp-content\/uploads\/2021\/02\/kreslo-1-225x300.jpg 225w, https:\/\/www.kodental.sk\/wp-content\/uploads\/2021\/02\/kreslo-1-1152x1536.jpg 1152w, https:\/\/www.kodental.sk\/wp-content\/uploads\/2021\/02\/kreslo-1-1536x2048.jpg 1536w, https:\/\/www.kodental.sk\/wp-content\/uploads\/2021\/02\/kreslo-1-1200x1600.jpg 1200w, https:\/\/www.kodental.sk\/wp-content\/uploads\/2021\/02\/kreslo-1-1980x2640.jpg 1980w, https:\/\/www.kodental.sk\/wp-content\/uploads\/2021\/02\/kreslo-1-scaled.jpg 1920w\" sizes=\"auto, (max-width: 768px) 100vw, 768px\" \/><\/figure><\/li><li class=\"blocks-gallery-item\"><figure><img loading=\"lazy\" decoding=\"async\" width=\"1024\" height=\"768\" src=\"https:\/\/www.kodental.sk\/wp-content\/uploads\/2021\/02\/kreslo_zboku-1024x768.jpg\" alt=\"\" data-id=\"69\" data-full-url=\"https:\/\/www.kodental.sk\/wp-content\/uploads\/2021\/02\/kreslo_zboku-scaled.jpg\" data-link=\"https:\/\/www.kodental.sk\/?attachment_id=69\" class=\"wp-image-69\" srcset=\"https:\/\/www.kodental.sk\/wp-content\/uploads\/2021\/02\/kreslo_zboku-1024x768.jpg 1024w, https:\/\/www.kodental.sk\/wp-content\/uploads\/2021\/02\/kreslo_zboku-300x225.jpg 300w, https:\/\/www.kodental.sk\/wp-content\/uploads\/2021\/02\/kreslo_zboku-768x576.jpg 768w, https:\/\/www.kodental.sk\/wp-content\/uploads\/2021\/02\/kreslo_zboku-1536x1152.jpg 1536w, https:\/\/www.kodental.sk\/wp-content\/uploads\/2021\/02\/kreslo_zboku-2048x1536.jpg 2048w, https:\/\/www.kodental.sk\/wp-content\/uploads\/2021\/02\/kreslo_zboku-1200x900.jpg 1200w, https:\/\/www.kodental.sk\/wp-content\/uploads\/2021\/02\/kreslo_zboku-1980x1485.jpg 1980w\" sizes=\"auto, (max-width: 1024px) 100vw, 1024px\" \/><\/figure><\/li><li class=\"blocks-gallery-item\"><figure><img loading=\"lazy\" decoding=\"async\" width=\"768\" height=\"1024\" src=\"https:\/\/www.kodental.sk\/wp-content\/uploads\/2021\/02\/kreslo-spredu-768x1024.jpg\" alt=\"\" data-id=\"74\" data-full-url=\"https:\/\/www.kodental.sk\/wp-content\/uploads\/2021\/02\/kreslo-spredu-scaled.jpg\" data-link=\"https:\/\/www.kodental.sk\/?attachment_id=74\" class=\"wp-image-74\" srcset=\"https:\/\/www.kodental.sk\/wp-content\/uploads\/2021\/02\/kreslo-spredu-768x1024.jpg 768w, https:\/\/www.kodental.sk\/wp-content\/uploads\/2021\/02\/kreslo-spredu-225x300.jpg 225w, https:\/\/www.kodental.sk\/wp-content\/uploads\/2021\/02\/kreslo-spredu-1152x1536.jpg 1152w, https:\/\/www.kodental.sk\/wp-content\/uploads\/2021\/02\/kreslo-spredu-1536x2048.jpg 1536w, https:\/\/www.kodental.sk\/wp-content\/uploads\/2021\/02\/kreslo-spredu-1200x1600.jpg 1200w, https:\/\/www.kodental.sk\/wp-content\/uploads\/2021\/02\/kreslo-spredu-1980x2640.jpg 1980w, https:\/\/www.kodental.sk\/wp-content\/uploads\/2021\/02\/kreslo-spredu-scaled.jpg 1920w\" sizes=\"auto, (max-width: 768px) 100vw, 768px\" \/><\/figure><\/li><li class=\"blocks-gallery-item\"><figure><img loading=\"lazy\" decoding=\"async\" width=\"768\" height=\"1024\" src=\"https:\/\/www.kodental.sk\/wp-content\/uploads\/2021\/02\/detail-768x1024.jpg\" alt=\"\" data-id=\"73\" data-full-url=\"https:\/\/www.kodental.sk\/wp-content\/uploads\/2021\/02\/detail-scaled.jpg\" data-link=\"https:\/\/www.kodental.sk\/?attachment_id=73\" class=\"wp-image-73\" srcset=\"https:\/\/www.kodental.sk\/wp-content\/uploads\/2021\/02\/detail-768x1024.jpg 768w, https:\/\/www.kodental.sk\/wp-content\/uploads\/2021\/02\/detail-225x300.jpg 225w, https:\/\/www.kodental.sk\/wp-content\/uploads\/2021\/02\/detail-1152x1536.jpg 1152w, https:\/\/www.kodental.sk\/wp-content\/uploads\/2021\/02\/detail-1536x2048.jpg 1536w, https:\/\/www.kodental.sk\/wp-content\/uploads\/2021\/02\/detail-1200x1600.jpg 1200w, https:\/\/www.kodental.sk\/wp-content\/uploads\/2021\/02\/detail-1980x2640.jpg 1980w, https:\/\/www.kodental.sk\/wp-content\/uploads\/2021\/02\/detail-scaled.jpg 1920w\" sizes=\"auto, (max-width: 768px) 100vw, 768px\" \/><\/figure><\/li><li class=\"blocks-gallery-item\"><figure><img loading=\"lazy\" decoding=\"async\" width=\"1024\" height=\"768\" src=\"https:\/\/www.kodental.sk\/wp-content\/uploads\/2021\/02\/obrazy-1024x768.jpg\" alt=\"\" data-id=\"77\" data-full-url=\"https:\/\/www.kodental.sk\/wp-content\/uploads\/2021\/02\/obrazy-scaled.jpg\" data-link=\"https:\/\/www.kodental.sk\/?attachment_id=77\" class=\"wp-image-77\" srcset=\"https:\/\/www.kodental.sk\/wp-content\/uploads\/2021\/02\/obrazy-1024x768.jpg 1024w, https:\/\/www.kodental.sk\/wp-content\/uploads\/2021\/02\/obrazy-300x225.jpg 300w, https:\/\/www.kodental.sk\/wp-content\/uploads\/2021\/02\/obrazy-768x576.jpg 768w, https:\/\/www.kodental.sk\/wp-content\/uploads\/2021\/02\/obrazy-1536x1152.jpg 1536w, https:\/\/www.kodental.sk\/wp-content\/uploads\/2021\/02\/obrazy-2048x1536.jpg 2048w, https:\/\/www.kodental.sk\/wp-content\/uploads\/2021\/02\/obrazy-1200x900.jpg 1200w, https:\/\/www.kodental.sk\/wp-content\/uploads\/2021\/02\/obrazy-1980x1485.jpg 1980w\" sizes=\"auto, (max-width: 1024px) 100vw, 1024px\" \/><\/figure><\/li><li class=\"blocks-gallery-item\"><figure><img loading=\"lazy\" decoding=\"async\" width=\"1024\" height=\"768\" src=\"https:\/\/www.kodental.sk\/wp-content\/uploads\/2021\/02\/sestricka-1024x768.jpg\" alt=\"\" data-id=\"78\" data-full-url=\"https:\/\/www.kodental.sk\/wp-content\/uploads\/2021\/02\/sestricka-scaled.jpg\" data-link=\"https:\/\/www.kodental.sk\/?attachment_id=78\" class=\"wp-image-78\" srcset=\"https:\/\/www.kodental.sk\/wp-content\/uploads\/2021\/02\/sestricka-1024x768.jpg 1024w, https:\/\/www.kodental.sk\/wp-content\/uploads\/2021\/02\/sestricka-300x225.jpg 300w, https:\/\/www.kodental.sk\/wp-content\/uploads\/2021\/02\/sestricka-768x576.jpg 768w, https:\/\/www.kodental.sk\/wp-content\/uploads\/2021\/02\/sestricka-1536x1152.jpg 1536w, https:\/\/www.kodental.sk\/wp-content\/uploads\/2021\/02\/sestricka-2048x1536.jpg 2048w, https:\/\/www.kodental.sk\/wp-content\/uploads\/2021\/02\/sestricka-1200x900.jpg 1200w, https:\/\/www.kodental.sk\/wp-content\/uploads\/2021\/02\/sestricka-1980x1485.jpg 1980w\" sizes=\"auto, (max-width: 1024px) 100vw, 1024px\" \/><\/figure><\/li><li class=\"blocks-gallery-item\"><figure><img loading=\"lazy\" decoding=\"async\" width=\"768\" height=\"1024\" src=\"https:\/\/www.kodental.sk\/wp-content\/uploads\/2021\/02\/zrkadlo-768x1024.jpg\" alt=\"\" data-id=\"79\" data-full-url=\"https:\/\/www.kodental.sk\/wp-content\/uploads\/2021\/02\/zrkadlo-scaled.jpg\" data-link=\"https:\/\/www.kodental.sk\/?attachment_id=79\" class=\"wp-image-79\" srcset=\"https:\/\/www.kodental.sk\/wp-content\/uploads\/2021\/02\/zrkadlo-768x1024.jpg 768w, https:\/\/www.kodental.sk\/wp-content\/uploads\/2021\/02\/zrkadlo-225x300.jpg 225w, https:\/\/www.kodental.sk\/wp-content\/uploads\/2021\/02\/zrkadlo-1152x1536.jpg 1152w, https:\/\/www.kodental.sk\/wp-content\/uploads\/2021\/02\/zrkadlo-1536x2048.jpg 1536w, https:\/\/www.kodental.sk\/wp-content\/uploads\/2021\/02\/zrkadlo-1200x1600.jpg 1200w, https:\/\/www.kodental.sk\/wp-content\/uploads\/2021\/02\/zrkadlo-1980x2640.jpg 1980w, https:\/\/www.kodental.sk\/wp-content\/uploads\/2021\/02\/zrkadlo-scaled.jpg 1920w\" sizes=\"auto, (max-width: 768px) 100vw, 768px\" \/><\/figure><\/li><li class=\"blocks-gallery-item\"><figure><img loading=\"lazy\" decoding=\"async\" width=\"498\" height=\"1024\" src=\"https:\/\/www.kodental.sk\/wp-content\/uploads\/2021\/02\/20201224_104954-498x1024.jpg\" alt=\"\" data-id=\"80\" data-full-url=\"https:\/\/www.kodental.sk\/wp-content\/uploads\/2021\/02\/20201224_104954-scaled.jpg\" data-link=\"https:\/\/www.kodental.sk\/?attachment_id=80\" class=\"wp-image-80\" srcset=\"https:\/\/www.kodental.sk\/wp-content\/uploads\/2021\/02\/20201224_104954-498x1024.jpg 498w, https:\/\/www.kodental.sk\/wp-content\/uploads\/2021\/02\/20201224_104954-146x300.jpg 146w, https:\/\/www.kodental.sk\/wp-content\/uploads\/2021\/02\/20201224_104954-768x1580.jpg 768w, https:\/\/www.kodental.sk\/wp-content\/uploads\/2021\/02\/20201224_104954-747x1536.jpg 747w, https:\/\/www.kodental.sk\/wp-content\/uploads\/2021\/02\/20201224_104954-996x2048.jpg 996w, https:\/\/www.kodental.sk\/wp-content\/uploads\/2021\/02\/20201224_104954-1200x2469.jpg 1200w, https:\/\/www.kodental.sk\/wp-content\/uploads\/2021\/02\/20201224_104954-scaled.jpg 1244w\" sizes=\"auto, (max-width: 498px) 100vw, 498px\" \/><\/figure><\/li><\/ul><\/figure>\n\n\n\n<p class=\"has-text-align-left\">&nbsp;<\/p>\n<\/div>\n<\/div><\/div>\n\n\n\n<hr class=\"wp-block-separator\"\/>\n\n\n\n<p class=\"has-text-align-center\"><strong>Ordina\u010dn\u00e9 hodiny<\/strong><\/p>\n\n\n\n<figure class=\"wp-block-table aligncenter\"><table><tbody><tr><td>Pondelok<\/td><td>7:00 &#8211; 15:00<\/td><\/tr><tr><td>Utorok<\/td><td>7:00 &#8211; 15:00<\/td><\/tr><tr><td>Streda<\/td><td>7:00 &#8211; 15:00<\/td><\/tr><tr><td>\u0160tvrtok<\/td><td>7:00 &#8211; 15:00<\/td><\/tr><tr><td>Piatok<\/td><td>7:00 &#8211; 15:00<\/td><\/tr><\/tbody><\/table><\/figure>\n\n\n\n<hr class=\"wp-block-separator\"\/>\n\n\n\n<h4 class=\"has-text-align-center wp-block-heading\"><p style=\"text-align: left;\"><\/p><\/h4>\n\n\n\n<p class=\"has-text-align-center\">Cenn\u00edk zobraz\u00edte kliknut\u00edm na logo.<\/p>\n\n\n\n<div class=\"wp-block-image\"><figure class=\"aligncenter size-large\"><a href=\"https:\/\/www.kodental.sk\/wp-content\/uploads\/2021\/08\/Cennik_1.9.2021.pdf\" target=\"_blank\" rel=\"noopener\"><img loading=\"lazy\" decoding=\"async\" width=\"512\" height=\"178\" src=\"https:\/\/www.kodental.sk\/wp-content\/uploads\/2021\/02\/cropped-logo_zmensene.png\" alt=\"\" class=\"wp-image-116\" srcset=\"https:\/\/www.kodental.sk\/wp-content\/uploads\/2021\/02\/cropped-logo_zmensene.png 512w, https:\/\/www.kodental.sk\/wp-content\/uploads\/2021\/02\/cropped-logo_zmensene-300x104.png 300w\" sizes=\"auto, (max-width: 512px) 100vw, 512px\" \/><\/a><\/figure><\/div>\n\n\n\n<p><\/p>\n","protected":false},"excerpt":{"rendered":"<p>Ordina\u010dn\u00e9 hodiny Pondelok 7:00 &#8211; 15:00 Utorok 7:00 &#8211; 15:00 Streda 7:00 &#8211; 15:00 \u0160tvrtok 7:00 &#8211; 15:00 Piatok 7:00 &#8211; 15:00 Cenn\u00edk zobraz\u00edte kliknut\u00edm na logo.<\/p>\n","protected":false},"author":1,"featured_media":0,"parent":0,"menu_order":0,"comment_status":"closed","ping_status":"closed","template":"","meta":{"_monsterinsights_skip_tracking":false,"_monsterinsights_sitenote_active":false,"_monsterinsights_sitenote_note":"","_monsterinsights_sitenote_category":0,"footnotes":""},"class_list":["post-129","page","type-page","status-publish","hentry"],"yoast_head":"<!-- This site is optimized with the Yoast SEO plugin v24.1 - https:\/\/yoast.com\/wordpress\/plugins\/seo\/ -->\n<title>Kodental s.r.o. - Kodental<\/title>\n<meta name=\"robots\" content=\"index, follow, max-snippet:-1, max-image-preview:large, max-video-preview:-1\" \/>\n<link rel=\"canonical\" href=\"https:\/\/www.kodental.sk\/\" \/>\n<meta property=\"og:locale\" content=\"sk_SK\" \/>\n<meta property=\"og:type\" content=\"article\" \/>\n<meta property=\"og:title\" content=\"Kodental s.r.o. - Kodental\" \/>\n<meta property=\"og:description\" content=\"Ordina\u010dn\u00e9 hodiny Pondelok 7:00 &#8211; 15:00 Utorok 7:00 &#8211; 15:00 Streda 7:00 &#8211; 15:00 \u0160tvrtok 7:00 &#8211; 15:00 Piatok 7:00 &#8211; 15:00 Cenn\u00edk zobraz\u00edte kliknut\u00edm na logo.\" \/>\n<meta property=\"og:url\" content=\"https:\/\/www.kodental.sk\/\" \/>\n<meta property=\"og:site_name\" content=\"Kodental\" \/>\n<meta property=\"article:modified_time\" content=\"2024-11-30T15:58:39+00:00\" \/>\n<meta property=\"og:image\" content=\"https:\/\/www.kodental.sk\/wp-content\/uploads\/2021\/02\/kreslo-1-768x1024.jpg\" \/>\n<meta name=\"twitter:card\" content=\"summary_large_image\" \/>\n<meta name=\"twitter:label1\" content=\"Predpokladan\u00fd \u010das \u010d\u00edtania\" \/>\n\t<meta name=\"twitter:data1\" content=\"4 min\u00faty\" \/>\n<script type=\"application\/ld+json\" class=\"yoast-schema-graph\">{\"@context\":\"https:\/\/schema.org\",\"@graph\":[{\"@type\":\"WebPage\",\"@id\":\"https:\/\/www.kodental.sk\/\",\"url\":\"https:\/\/www.kodental.sk\/\",\"name\":\"Kodental s.r.o. - Kodental\",\"isPartOf\":{\"@id\":\"https:\/\/www.kodental.sk\/#website\"},\"primaryImageOfPage\":{\"@id\":\"https:\/\/www.kodental.sk\/#primaryimage\"},\"image\":{\"@id\":\"https:\/\/www.kodental.sk\/#primaryimage\"},\"thumbnailUrl\":\"https:\/\/www.kodental.sk\/wp-content\/uploads\/2021\/02\/kreslo-1-768x1024.jpg\",\"datePublished\":\"2021-02-16T11:55:03+00:00\",\"dateModified\":\"2024-11-30T15:58:39+00:00\",\"breadcrumb\":{\"@id\":\"https:\/\/www.kodental.sk\/#breadcrumb\"},\"inLanguage\":\"sk-SK\",\"potentialAction\":[{\"@type\":\"ReadAction\",\"target\":[\"https:\/\/www.kodental.sk\/\"]}]},{\"@type\":\"ImageObject\",\"inLanguage\":\"sk-SK\",\"@id\":\"https:\/\/www.kodental.sk\/#primaryimage\",\"url\":\"https:\/\/www.kodental.sk\/wp-content\/uploads\/2021\/02\/kreslo-1-scaled.jpg\",\"contentUrl\":\"https:\/\/www.kodental.sk\/wp-content\/uploads\/2021\/02\/kreslo-1-scaled.jpg\",\"width\":1920,\"height\":2560},{\"@type\":\"BreadcrumbList\",\"@id\":\"https:\/\/www.kodental.sk\/#breadcrumb\",\"itemListElement\":[{\"@type\":\"ListItem\",\"position\":1,\"name\":\"Home\",\"item\":\"https:\/\/www.kodental.sk\/\"},{\"@type\":\"ListItem\",\"position\":2,\"name\":\"Kodental s.r.o.\"}]},{\"@type\":\"WebSite\",\"@id\":\"https:\/\/www.kodental.sk\/#website\",\"url\":\"https:\/\/www.kodental.sk\/\",\"name\":\"Kodental\",\"description\":\"Stomatologick\u00e1 ambulancia\",\"publisher\":{\"@id\":\"https:\/\/www.kodental.sk\/#organization\"},\"potentialAction\":[{\"@type\":\"SearchAction\",\"target\":{\"@type\":\"EntryPoint\",\"urlTemplate\":\"https:\/\/www.kodental.sk\/?s={search_term_string}\"},\"query-input\":{\"@type\":\"PropertyValueSpecification\",\"valueRequired\":true,\"valueName\":\"search_term_string\"}}],\"inLanguage\":\"sk-SK\"},{\"@type\":\"Organization\",\"@id\":\"https:\/\/www.kodental.sk\/#organization\",\"name\":\"Kodental\",\"url\":\"https:\/\/www.kodental.sk\/\",\"logo\":{\"@type\":\"ImageObject\",\"inLanguage\":\"sk-SK\",\"@id\":\"https:\/\/www.kodental.sk\/#\/schema\/logo\/image\/\",\"url\":\"https:\/\/www.kodental.sk\/wp-content\/uploads\/2024\/12\/kodental.png\",\"contentUrl\":\"https:\/\/www.kodental.sk\/wp-content\/uploads\/2024\/12\/kodental.png\",\"width\":300,\"height\":64,\"caption\":\"Kodental\"},\"image\":{\"@id\":\"https:\/\/www.kodental.sk\/#\/schema\/logo\/image\/\"}}]}<\/script>\n<!-- \/ Yoast SEO plugin. -->","yoast_head_json":{"title":"Kodental s.r.o. - Kodental","robots":{"index":"index","follow":"follow","max-snippet":"max-snippet:-1","max-image-preview":"max-image-preview:large","max-video-preview":"max-video-preview:-1"},"canonical":"https:\/\/www.kodental.sk\/","og_locale":"sk_SK","og_type":"article","og_title":"Kodental s.r.o. - Kodental","og_description":"Ordina\u010dn\u00e9 hodiny Pondelok 7:00 &#8211; 15:00 Utorok 7:00 &#8211; 15:00 Streda 7:00 &#8211; 15:00 \u0160tvrtok 7:00 &#8211; 15:00 Piatok 7:00 &#8211; 15:00 Cenn\u00edk zobraz\u00edte kliknut\u00edm na logo.","og_url":"https:\/\/www.kodental.sk\/","og_site_name":"Kodental","article_modified_time":"2024-11-30T15:58:39+00:00","og_image":[{"url":"https:\/\/www.kodental.sk\/wp-content\/uploads\/2021\/02\/kreslo-1-768x1024.jpg","type":"","width":"","height":""}],"twitter_card":"summary_large_image","twitter_misc":{"Predpokladan\u00fd \u010das \u010d\u00edtania":"4 min\u00faty"},"schema":{"@context":"https:\/\/schema.org","@graph":[{"@type":"WebPage","@id":"https:\/\/www.kodental.sk\/","url":"https:\/\/www.kodental.sk\/","name":"Kodental s.r.o. - Kodental","isPartOf":{"@id":"https:\/\/www.kodental.sk\/#website"},"primaryImageOfPage":{"@id":"https:\/\/www.kodental.sk\/#primaryimage"},"image":{"@id":"https:\/\/www.kodental.sk\/#primaryimage"},"thumbnailUrl":"https:\/\/www.kodental.sk\/wp-content\/uploads\/2021\/02\/kreslo-1-768x1024.jpg","datePublished":"2021-02-16T11:55:03+00:00","dateModified":"2024-11-30T15:58:39+00:00","breadcrumb":{"@id":"https:\/\/www.kodental.sk\/#breadcrumb"},"inLanguage":"sk-SK","potentialAction":[{"@type":"ReadAction","target":["https:\/\/www.kodental.sk\/"]}]},{"@type":"ImageObject","inLanguage":"sk-SK","@id":"https:\/\/www.kodental.sk\/#primaryimage","url":"https:\/\/www.kodental.sk\/wp-content\/uploads\/2021\/02\/kreslo-1-scaled.jpg","contentUrl":"https:\/\/www.kodental.sk\/wp-content\/uploads\/2021\/02\/kreslo-1-scaled.jpg","width":1920,"height":2560},{"@type":"BreadcrumbList","@id":"https:\/\/www.kodental.sk\/#breadcrumb","itemListElement":[{"@type":"ListItem","position":1,"name":"Home","item":"https:\/\/www.kodental.sk\/"},{"@type":"ListItem","position":2,"name":"Kodental s.r.o."}]},{"@type":"WebSite","@id":"https:\/\/www.kodental.sk\/#website","url":"https:\/\/www.kodental.sk\/","name":"Kodental","description":"Stomatologick\u00e1 ambulancia","publisher":{"@id":"https:\/\/www.kodental.sk\/#organization"},"potentialAction":[{"@type":"SearchAction","target":{"@type":"EntryPoint","urlTemplate":"https:\/\/www.kodental.sk\/?s={search_term_string}"},"query-input":{"@type":"PropertyValueSpecification","valueRequired":true,"valueName":"search_term_string"}}],"inLanguage":"sk-SK"},{"@type":"Organization","@id":"https:\/\/www.kodental.sk\/#organization","name":"Kodental","url":"https:\/\/www.kodental.sk\/","logo":{"@type":"ImageObject","inLanguage":"sk-SK","@id":"https:\/\/www.kodental.sk\/#\/schema\/logo\/image\/","url":"https:\/\/www.kodental.sk\/wp-content\/uploads\/2024\/12\/kodental.png","contentUrl":"https:\/\/www.kodental.sk\/wp-content\/uploads\/2024\/12\/kodental.png","width":300,"height":64,"caption":"Kodental"},"image":{"@id":"https:\/\/www.kodental.sk\/#\/schema\/logo\/image\/"}}]}},"_links":{"self":[{"href":"https:\/\/www.kodental.sk\/index.php?rest_route=\/wp\/v2\/pages\/129","targetHints":{"allow":["GET"]}}],"collection":[{"href":"https:\/\/www.kodental.sk\/index.php?rest_route=\/wp\/v2\/pages"}],"about":[{"href":"https:\/\/www.kodental.sk\/index.php?rest_route=\/wp\/v2\/types\/page"}],"author":[{"embeddable":true,"href":"https:\/\/www.kodental.sk\/index.php?rest_route=\/wp\/v2\/users\/1"}],"replies":[{"embeddable":true,"href":"https:\/\/www.kodental.sk\/index.php?rest_route=%2Fwp%2Fv2%2Fcomments&post=129"}],"version-history":[{"count":5,"href":"https:\/\/www.kodental.sk\/index.php?rest_route=\/wp\/v2\/pages\/129\/revisions"}],"predecessor-version":[{"id":245,"href":"https:\/\/www.kodental.sk\/index.php?rest_route=\/wp\/v2\/pages\/129\/revisions\/245"}],"wp:attachment":[{"href":"https:\/\/www.kodental.sk\/index.php?rest_route=%2Fwp%2Fv2%2Fmedia&parent=129"}],"curies":[{"name":"wp","href":"https:\/\/api.w.org\/{rel}","templated":true}]}}